{"id":7171,"date":"2015-08-04T12:58:31","date_gmt":"2015-08-04T17:58:31","guid":{"rendered":"https:\/\/rolandberard.com\/products-and-services\/energy-work-for-couples\/"},"modified":"2025-01-21T14:22:46","modified_gmt":"2025-01-21T19:22:46","slug":"energy-work-for-couples","status":"publish","type":"page","link":"https:\/\/rolandberard.com\/en\/products-and-services\/energy-work-for-couples\/","title":{"rendered":"Energy Work for Couples"},"content":{"rendered":"<h2>An evaluation of the energy field of your coupleUne \u00e9valuation du champ \u00e9nerg\u00e9tique de votre couple<\/h2>\n<p>After this reading, you may want to have your couple\u2019s energy field assessed to see if the interpretation obtained corresponds to your own experience of the couple in its weaknesses and strengths. I will send you a diagram illustrating the reading that was done and detailing the interpretation. Do not be surprised if this reading turns out to be very accurate! If you wish, it will then be possible to carry out energy work on the couple, with follow-up, as explained further down on this page. See the options on the <a href=\"https:\/\/rolandberard.com\/en\/services-and-payment\/\">Services\/Payments<\/a> page of this website.<br \/>\nPhotos from the book \u201cHealing with the Light\u201d by Barbara Brennan reproduced with permission<\/p>\n<div id=\"attachment_577\" class=\"wp-caption alignleft\" style=\"width: 500px\"><a href=\"https:\/\/rolandberard.com\/wp-content\/uploads\/2015\/07\/Eva_Couple-in-Harmony.gif\"><img loading=\"lazy\" decoding=\"async\" class=\"wp-image-577\" src=\"https:\/\/rolandberard.com\/wp-content\/uploads\/2015\/07\/Eva_Couple-in-Harmony.gif\" alt=\"Eva_Couple in Harmony\" width=\"500\" height=\"359\" \/><\/a><\/p>\n<p class=\"wp-caption-text\">Two people harmonically related<\/p>\n<\/div>\n<div id=\"attachment_583\" class=\"wp-caption alignright\" style=\"width: 300px\"><a href=\"https:\/\/rolandberard.com\/wp-content\/uploads\/2015\/07\/amour.jpg\"><img loading=\"lazy\" decoding=\"async\" class=\"wp-image-583 size-medium\" src=\"https:\/\/rolandberard.com\/wp-content\/uploads\/2015\/07\/amour-300x100.jpg\" alt=\"love\" width=\"300\" height=\"100\" srcset=\"https:\/\/rolandberard.com\/wp-content\/uploads\/2015\/07\/amour-300x100.jpg 300w, https:\/\/rolandberard.com\/wp-content\/uploads\/2015\/07\/amour.jpg 450w\" sizes=\"auto, (max-width: 300px) 100vw, 300px\" \/><\/a><\/p>\n<p class=\"wp-caption-text\">Two people in love<\/p>\n<\/div>\n<div style=\"clear: both;\">\n<h2>Relevant Articles<\/h2>\n<ul>\n<li><a href=\"https:\/\/rolandberard.com\/wp-content\/uploads\/2025\/01\/Charting-Progress-Healing-RB-2006.pdf\">Charting the Progress of Healing using Brennan Healing Science &#8211; An Evaluation of Results &#8211; An Evaluation of Results<\/a><\/li>\n<li><a href=\"https:\/\/rolandberard.com\/wp-content\/uploads\/2025\/01\/The-Power-of-Intention-in-Focusing-Groups.pdf\">The Power of Intention in Focusing Groups<\/a><\/li>\n<\/ul>\n<h2>Energy Work for Couples<\/h2>\n<p>The harmony of the couple derives from the relationship between the two partners: if one or both spouses began individual therapy, or if the couple started a therapeutic process, the relationship between the partners and their membership of the couple will be affected.<\/p>\n<h2>Personal Work<\/h2>\n<p>In individual work, the therapist helps the client explore the woundings that have generated defensive relational dynamics that are still in place. Although these may have been appropriate at the time, these dynamics and beliefs and the resulting images, limit the development of the person and diminish the relational capacity with others and with the environment in general.<br \/>\nIn individual therapy, the partner involved changes and his or her relationship to the couple also changes. Any change in one partner affects the relationship. However the relationship is often not the subject of individual work, but rather a consequence of which we can not easily predict the outcome.<\/p>\n<h2>Couples Work<\/h2>\n<p>In couples therapy, relationship dynamics are reviewed and processed to generate a better harmony.<\/p>\n<h2>Water Treatments for the couple<\/h2>\n<p>In energy work for couples, a therapist can read and work directly on the collective field (aura) of torque as well as relational ropes binding a spouse to the other. This technique is as powerful as relevant.<br \/>\nEvery human being has seven major energy centers; when two people enter into a relationship, links normally weave from one center to another. These links deserve to be maintained: it can accumulate stagnant energy, or links can break, thinning or thickening which undermines healthy interaction. Clean and repair these relational strings improve the relationship.<\/p>\n<h2>The energy field of the couple &#8211; how energy work applies to the collective field of the couple<\/h2>\n<p>A couple is a team composed of two people and their respective energy dynamics; this union creates a collective energy field with its own particular dynamics and the couple.<br \/>\nYou can work on the energy field of the couple as well as on that of an individual to induce a wellness healer. For the couple work, the dynamic contribution of each partner is realigned, cleaned and repaired strings which restores creativity and relational harmony of the couple.<br \/>\nThis work can be accomplished with Barbara Brennan Healing Science, advanced four-year program in energy science, including Roland graduated and he also holds a higher education degree.<br \/>\nThe work progress is easy to follow thanks to the monitoring system of energy healing charter that developed Roland B\u00e9rard and he has exclusive rights (see article by reference).<\/p>\n<h2>The energy centers of torque &#8211; the chakras<\/h2>\n<p>As in the energy field of an individual, the scope of a couple has 7 main centers (or chakras &#8211; a Sanskrit word meaning wheel). These 7 centers allow us to engage with the world around us and also with each other.<br \/>\nIf one of our chakras malfunctions, be harmonious relationship is much harder than it should.<\/p>\n<h2>Relationships governed by each chakra are:<\/h2>\n<ul>\n<li>1<sup>st<\/sup>&#8211; Quantity of Energy and Vitality, Sense of Belonging &#8211; This chakra governs or influences the couple\u2019s energy level and vitality and their sense of belonging to the couple.<\/li>\n<li>2<sup>nd<\/sup>&#8211; Creativity and Sexuality &#8211; This chakra influences the quality and quantity of creativity and the capacity to give and receive physical, emotional and spiritual pleasure including sensuality, sexuality and libido.<\/li>\n<li>3<sup>nd<\/sup> &#8211; Sense of Purpose &#8211; This energy chakra influences the couple\u2019s sense of purpose within the global context as well as its intention regarding the health of the couple.<\/li>\n<li>4<sup>nd<\/sup> &#8211; Openness to Love &#8211; The heart chakra affects the couples capacity and openness to love, affectivity and intimacy as well as its ability to go with the flow.<\/li>\n<li>5<sup>nd<\/sup> &#8211; Expression -The areas of relationship governed by this chakra are expression, communication and the feeling of its expression in society and to each other.<\/li>\n<li>6<sup>nd<\/sup> &#8211; Ideas and concepts &#8211; This chakra governs the couples ability to visualize and understand concepts that are put forth, as well as the ability to put them into practice. It is often called the Mental Executive.<\/li>\n<li>7<sup>nd<\/sup> &#8211; Mission &#8211; This chakra has to do with the couple\u2019s Divine Mission. This is the spiritual aspect of the couple, even though spirituality may not be a part of the couple\u2019s conscious identity.<\/li>\n<\/ul>\n<h2>Modifiers<\/h2>\n<p>Modifiers include the chakras that relate to Reason, Emotion and Will.<br \/>\nIdeally, decisions made by an individual or couple will use equally Reason, Will and Emotions.<br \/>\nEnergy work tends to reinforce the changing weakest thus restoring the balance with the other two modifiers, and facilitating much asked decisions.<br \/>\nEach couple, in its collective expression, has a changing stronger, and often promoted, and another lower. In our society, the stronger is often the reason or the will (or a combination) and lowest Emotion. This means that in case the individual decision is a reason, or is showing will more often than he considers his emotions.<\/p>\n<h2>The intention of the couple or the Hara<\/h2>\n<p>The harmony that reigns in torque also depends on its alignment and intention to exist, or its mission, its ability to tap into its environment to find support feeding (feeding it and be supported) and its ability to feel his divine essence.<br \/>\nThis guideline is known as Hara; sometimes it is broken or crooked or uneven (see reference article cited above). This will have a direct impact on the couple and its mission<br \/>\nWork on the Hara can be accomplished using the Science of Barbara Brennan. This is done during a session of energy work.<\/p>\n<h2>Energy Work on the couple<\/h2>\n<p>Energy work on a couple may be in person or remotely. An appointment is taken and relevant information is communicated to Roland before the appointment time.<br \/>\nDuring the meeting, the working acts on the energy field and the line of Hara. For remote working, an email is sent once the session has been completed relating to the interpretation of the reading of the energy field taken before the session, detailing the work and suggesting how to work with difficulties or perceived weaknesses to successfully harmonize the couple .<br \/>\nReading the energy field is taken before each session and noted on the chart thereby making visual monitoring which illustrates the progress of work.<\/p>\n<h2>FOLLOW-UP WORK &#8211; CASE EXAMPLE<\/h2>\n<p>The painting, the image and the following graphs illustrate the initial reading of the energy field and gradual changes following the energy sessions with the couple John and Mary (names have been changed to respect their privacy).<\/p>\n<h2>initial field assessment and subsequent progress of the changes in the energy field can be seen below.<\/h2>\n<p>The next diagram illustrates the state of the chakras of the torque to the initial reading of the energy field. The chakras whose operation unsatisfactory are shaded.<br \/>\nThe appearance of &#8220;A&#8221; is the chakra frontal and appearance &#8220;B&#8221; is back.<\/p>\n<p><a href=\"https:\/\/rolandberard.com\/wp-content\/uploads\/2015\/07\/Eva3JEAN-MARIE-EVALUATION-2012.gif\"><img loading=\"lazy\" decoding=\"async\" class=\"alignleft wp-image-584\" src=\"https:\/\/rolandberard.com\/wp-content\/uploads\/2015\/07\/Eva3JEAN-MARIE-EVALUATION-2012-1024x790.gif\" alt=\"Eva3JEAN MARIE EVALUATION 2012\" width=\"600\" height=\"463\" srcset=\"https:\/\/rolandberard.com\/wp-content\/uploads\/2015\/07\/Eva3JEAN-MARIE-EVALUATION-2012-1024x790.gif 1024w, https:\/\/rolandberard.com\/wp-content\/uploads\/2015\/07\/Eva3JEAN-MARIE-EVALUATION-2012-300x231.gif 300w, https:\/\/rolandberard.com\/wp-content\/uploads\/2015\/07\/Eva3JEAN-MARIE-EVALUATION-2012-1243x960.gif 1243w\" sizes=\"auto, (max-width: 600px) 100vw, 600px\" \/><\/a><\/p>\n<div class=\"clear\"><\/div>\n<p>There is a direct link between the problems experienced by the couple and the dysfunctional chakras. For John and Mary, 7 chakras (5B, 4A, 3A, 3B and 2B) function well (not shaded). The chakras 6A, 6B, 5A, 4B, 2A and 1 are shaded and are not working optimally.<\/p>\n<h2>Here is a possible interpretation of these dysfunctions:<\/h2>\n<h3>1<sup>st <\/sup>&#8211; Groundedness, sense of belonging<\/h3>\n<p>This chakra is not working harmoniously: it could mean that the partners do not have the feeling of belonging to the couple or the couple is not well rooted in its social environment.<br \/>\nAfter discussion, it turns out that there are two or three years, John and Mary moved to be closer to their families. Despite being ahead, their decision was not entirely unanimous. They now live an integration difficulty with their new environment, their home has foundation problems and relations with non-immediate family are very strained.<\/p>\n<h3>2<sup>ed<\/sup> &#8211; Creativity and Sexuality<\/h3>\n<p>The back aspect (2B &#8211; libido, creative energy) is working well and the front aspect (2A &#8211; quality of sexual life, quality of creativity) is not working harmoniously.<\/p>\n<p>The couple has good creative energy and libido, but the pleasure of giving and receiving is not as mobilized and fluid as it could be.<\/p>\n<h3>3<sup>nd<\/sup> &#8211; Sense of Purpose of the Couple<\/h3>\n<p>Both aspects (3A and 3B) of this chakra work well. So the couple feels good about his place in the universe (front aspect) and has a positive intention to the health of the torque (rear aspect).<br \/>\nThis was evident at the first meeting &#8211; both expressed a real desire to meet, to hand the dynamism and positive energy in the couple and to give it new meaning.<\/p>\n<h3>4<sup>ed<\/sup> &#8211; Heart<\/h3>\n<p>The appearance before (4A) works well. Each partner feels good the love they have for each other. By cons, rear aspect (4B) is shaded, so not harmonious.<br \/>\nThe rear aspect is the use of the will in the couple. When dysfunctional, this demonstrates that a partner, or even both trying to control the course of events rather than trusting to life.<br \/>\nThe love for one another was palpable in the room.<\/p>\n<p>Seeing the diagram, one of the partners recognized his tendency to force things.<\/p>\n<h3>5<sup>nd<\/sup> \u2013 Communication and Expression<\/h3>\n<p>The rear part (5B) works well. This means that the couple feels good in its social expression. By cons, front aspect (5A) is dysfunctional, demonstrating that communication within the couple could be improved (express ideas and \/ or needs, and receive either let help).<\/p>\n<h3>6<sup>th-<\/sup> Understanding concepts and manifesting ideas<\/h3>\n<p>Both aspects (6A and 6B) are dysfunctional in this couple. This suggests that partners make it hard to share a common vision of life or even to explore the concepts (A) and therefore it becomes difficult to create common projects and put forward (B).Indeed, this was confirmed at the first meeting.<\/p>\n<h3>7<sup>nd<\/sup> &#8211; Connect to All<\/h3>\n<p>In this couple, this chakra works well. They are connected to the couple&#8217;s spiritual side.<\/p>\n<h2>was received to work<\/h2>\n<p>The work was spread over four sessions in six to eight weeks, as can be seen on the chart below.<br \/>\nBy the <sup>nd<\/sup> second session, there was a new dynamic and a reconciliation between the couple. They no longer felt &#8220;in neutral&#8221;. They both did the work of introspection and managed to better communicate and listen better to each other. This had the effect of deepening their sense of belonging to the couple and allowed them to set up joint projects to transform their home. Things had become more fluid.<br \/>\nAfter the <sup>nd<\/sup> fourth session, there had been sufficient improvement to take a break so that they could integrate the work. Both felt more invested in the couple and seemed more solid as a couple. A follow-up about two months later confirmed continued positive progress.<\/p>\n<h2>Charter readings of energy centers<\/h2>\n<p>The next table illustrates the state of the chakras of the couple at the initial reading of the energy field. Dysfunctional chakras are shaded.<br \/>\nLooking at each line of the table, we see less and less dysfunctional chakras (shaded) on each subsequent line. Less gray areas in each session indicates that the field has cleared over time from debris and stagnant energy that impacted the harmony of the couple.<\/p>\n<p><a href=\"https:\/\/rolandberard.com\/wp-content\/uploads\/2015\/07\/Eva_4JEAN-MARIE-CHARTE-2012.gif\"><img loading=\"lazy\" decoding=\"async\" class=\"alignleft wp-image-585\" src=\"https:\/\/rolandberard.com\/wp-content\/uploads\/2015\/07\/Eva_4JEAN-MARIE-CHARTE-2012.gif\" alt=\"Eva_4JEAN MARIE CHARTE 2012\" width=\"800\" height=\"208\" \/><\/a><\/p>\n<div class=\"clear\"><\/div>\n<h2><\/h2>\n<h2><\/h2>\n<h2><\/h2>\n<h2><\/h2>\n<h2><\/h2>\n<h2>Overall Progress<\/h2>\n<p>This chart shows how the energy the torque has increased over time, as the number of dysfunctional centers decreases and the field becomes more harmonious. The partners have a better understanding of each other, communicate more easily together and enjoy a sense of belonging to the increased torque.<\/p>\n<p><a href=\"https:\/\/rolandberard.com\/wp-content\/uploads\/2015\/07\/Eva5JEAN-MARIE-PROGRES-2012.gif\"><img loading=\"lazy\" decoding=\"async\" class=\"alignleft wp-image-586\" src=\"https:\/\/rolandberard.com\/wp-content\/uploads\/2015\/07\/Eva5JEAN-MARIE-PROGRES-2012.gif\" alt=\"Eva5JEAN MARIE PROGRES 2012\" width=\"500\" height=\"382\" \/><\/a><\/p>\n<div class=\"clear\"><\/div>\n<h2><\/h2>\n<h2><\/h2>\n<h2><\/h2>\n<h2><\/h2>\n<h2><\/h2>\n<h2><\/h2>\n<h2><\/h2>\n<h2><\/h2>\n<h2><\/h2>\n<h2><\/h2>\n<h2><\/h2>\n<h2>Graph of Modifiers<\/h2>\n<p>In this example, the major modifiers are Reason (yellow line) and Will (red line). The weaker the Emotion (green line). Reason and Will, rather than the prevailing emotions on decision making.<br \/>\nThe graph shows the modifiers change recorded during the short time we worked together: modifiers moved away.<br \/>\nAs the lines did not close, there is still work to be done if the couple found an optimal balance. The work having been switched on, it can be expected that eventually the lines closer together and remain stable.<\/p>\n<p><a href=\"https:\/\/rolandberard.com\/wp-content\/uploads\/2015\/07\/Eva6JEAN-MARIE-MODIFIANT-2012-e1441632980398.gif\"><img loading=\"lazy\" decoding=\"async\" class=\"alignleft wp-image-587\" src=\"https:\/\/rolandberard.com\/wp-content\/uploads\/2015\/07\/Eva6JEAN-MARIE-MODIFIANT-2012-1024x807.gif\" alt=\"Eva6JEAN MARIE MODIFIANT 2012\" width=\"500\" height=\"500\" \/><\/a><\/p>\n<\/div>\n","protected":false},"excerpt":{"rendered":"<p>An evaluation of the energy field of your coupleUne \u00e9valuation du champ \u00e9nerg\u00e9tique de votre couple After this reading, you may want to have your couple\u2019s energy field assessed to see if the interpretation obtained corresponds to your own experience of the couple in its weaknesses and strengths. I will send you a diagram illustrating [&hellip;]<\/p>\n","protected":false},"author":3,"featured_media":0,"parent":7124,"menu_order":0,"comment_status":"closed","ping_status":"closed","template":"","meta":{"footnotes":""},"class_list":["post-7171","page","type-page","status-publish","hentry"],"_links":{"self":[{"href":"https:\/\/rolandberard.com\/en\/wp-json\/wp\/v2\/pages\/7171","targetHints":{"allow":["GET"]}}],"collection":[{"href":"https:\/\/rolandberard.com\/en\/wp-json\/wp\/v2\/pages"}],"about":[{"href":"https:\/\/rolandberard.com\/en\/wp-json\/wp\/v2\/types\/page"}],"author":[{"embeddable":true,"href":"https:\/\/rolandberard.com\/en\/wp-json\/wp\/v2\/users\/3"}],"replies":[{"embeddable":true,"href":"https:\/\/rolandberard.com\/en\/wp-json\/wp\/v2\/comments?post=7171"}],"version-history":[{"count":4,"href":"https:\/\/rolandberard.com\/en\/wp-json\/wp\/v2\/pages\/7171\/revisions"}],"predecessor-version":[{"id":7559,"href":"https:\/\/rolandberard.com\/en\/wp-json\/wp\/v2\/pages\/7171\/revisions\/7559"}],"up":[{"embeddable":true,"href":"https:\/\/rolandberard.com\/en\/wp-json\/wp\/v2\/pages\/7124"}],"wp:attachment":[{"href":"https:\/\/rolandberard.com\/en\/wp-json\/wp\/v2\/media?parent=7171"}],"curies":[{"name":"wp","href":"https:\/\/api.w.org\/{rel}","templated":true}]}}